{"id":7620,"date":"2023-04-19T09:42:08","date_gmt":"2023-04-19T02:42:08","guid":{"rendered":"https:\/\/www.kombatgroup.com\/cookie-policy\/"},"modified":"2023-05-15T10:14:55","modified_gmt":"2023-05-15T03:14:55","slug":"politique-cookie","status":"publish","type":"page","link":"https:\/\/www.kombatgroup.com\/fr\/politique-cookie\/","title":{"rendered":"Politique de Cookie"},"content":{"rendered":"<div class=\"fusion-fullwidth fullwidth-box fusion-builder-row-1 fusion-flex-container has-pattern-background has-mask-background nonhundred-percent-fullwidth non-hundred-percent-height-scrolling\" style=\"--awb-border-radius-top-left:0px;--awb-border-radius-top-right:0px;--awb-border-radius-bottom-right:0px;--awb-border-radius-bottom-left:0px;--awb-margin-top:40px;--awb-flex-wrap:wrap;\" ><div class=\"fusion-builder-row fusion-row fusion-flex-align-items-flex-start fusion-flex-content-wrap\" style=\"max-width:1216.8px;margin-left: calc(-4% \/ 2 );margin-right: calc(-4% \/ 2 );\"><div class=\"fusion-layout-column fusion_builder_column fusion-builder-column-0 fusion_builder_column_1_1 1_1 fusion-flex-column\" style=\"--awb-bg-size:cover;--awb-width-large:100%;--awb-margin-top-large:0px;--awb-spacing-right-large:1.92%;--awb-margin-bottom-large:20px;--awb-spacing-left-large:1.92%;--awb-width-medium:100%;--awb-order-medium:0;--awb-spacing-right-medium:1.92%;--awb-spacing-left-medium:1.92%;--awb-width-small:100%;--awb-order-small:0;--awb-spacing-right-small:1.92%;--awb-spacing-left-small:1.92%;\"><div class=\"fusion-column-wrapper fusion-column-has-shadow fusion-flex-justify-content-flex-start fusion-content-layout-column\"><div class=\"fusion-text fusion-text-1\"><h1 style=\"font-size: 36px;\">POLITIQUE DE COOKIE<\/h1>\n<h5>Certaines des finalit\u00e9s pour lesquelles des Cookies sont install\u00e9s peuvent \u00e9galement n\u00e9cessiter le consentement de l&rsquo;Utilisateur.<\/h5>\n<h4>Politique de cookie de www.kombatgroup.com\/<\/h4>\n<p>Les cookies consistent en des portions de code install\u00e9es dans le navigateur qui aident le propri\u00e9taire \u00e0 fournir le service conform\u00e9ment aux objectifs d\u00e9crits. Certaines des finalit\u00e9s pour lesquelles les cookies sont install\u00e9s peuvent \u00e9galement n\u00e9cessiter le consentement de l\u2019utilisateur.<\/p>\n<p>Lorsque l\u2019installation de cookies est bas\u00e9e sur un consentement, celui-ci peut \u00eatre librement retir\u00e9 \u00e0 tout moment en suivant les instructions fournies dans ce document.<\/p>\n<h4 id=\"technical_cookies\">Cookies techniques et cookies servant \u00e0 des fins statistiques agr\u00e9g\u00e9es<\/h4>\n<h4>Activit\u00e9 strictement n\u00e9cessaire au fonctionnement du service<\/h4>\n<ul>\n<li>Ce site Web utilise des cookies pour enregistrer la session de l\u2019utilisateur et pour effectuer d\u2019autres activit\u00e9s strictement n\u00e9cessaires au fonctionnement de ce site Web, par exemple, en relation avec la distribution du trafic.<\/li>\n<\/ul>\n<h4>Activit\u00e9 concernant la sauvegarde des pr\u00e9f\u00e9rences, l\u2019optimisation et les statistiques<\/h4>\n<ul>\n<li>Ce site Web utilise des cookies pour enregistrer les pr\u00e9f\u00e9rences de navigation et optimiser l\u2019exp\u00e9rience de navigation de l\u2019utilisateur. Parmi ces cookies figurent, par exemple, ceux utilis\u00e9s pour d\u00e9finir les pr\u00e9f\u00e9rences de langue et de devise ou pour la gestion des statistiques de premier niveau directement utilis\u00e9es par le propri\u00e9taire du site.<\/li>\n<\/ul>\n<h4 id=\"other_types_cookies\">Autres types de cookies ou tiers qui installent des cookies<\/h4>\n<p>Certains des services \u00e9num\u00e9r\u00e9s ci-dessous collectent des statistiques sous une forme anonyme et agr\u00e9g\u00e9e et peuvent ne pas n\u00e9cessiter le consentement de l\u2019utilisateur ou peuvent \u00eatre g\u00e9r\u00e9s directement par le propri\u00e9taire \u2013 selon la mani\u00e8re dont ils sont d\u00e9crits \u2013 sans l\u2019aide de tiers.<\/p>\n<p>Si des services tiers exploit\u00e9s figurent parmi les outils ci-dessous, ils peuvent \u00eatre utilis\u00e9s pour suivre les habitudes de navigation des utilisateurs, en plus des informations sp\u00e9cifi\u00e9es dans les pr\u00e9sentes et \u00e0 l\u2019insu du Propri\u00e9taire. Veuillez vous reporter \u00e0 la politique de confidentialit\u00e9 des services r\u00e9pertori\u00e9s pour des informations d\u00e9taill\u00e9es.<\/p>\n<h4>Analytique<\/h4>\n<p>Les services contenus dans cette section permettent au propri\u00e9taire de surveiller et d\u2019analyser le trafic Web et peuvent \u00eatre utilis\u00e9s pour suivre le comportement de l\u2019utilisateur.<\/p>\n<h4>Google Analytics (Google Inc.)<\/h4>\n<p>Google Analytics est un service d\u2019analyse de site internet fourni par Google Inc. (\u00abGoogle\u00bb). Google utilise les donn\u00e9es collect\u00e9es pour suivre et examiner l\u2019utilisation de ce site Web, pour pr\u00e9parer des rapports sur ses activit\u00e9s et pour les partager avec d\u2019autres services Google.<br \/>\nGoogle peut utiliser les donn\u00e9es collect\u00e9es pour contextualiser et personnaliser les annonces de son propre r\u00e9seau de publicit\u00e9.<\/p>\n<p>Donn\u00e9es personnelles collect\u00e9es: cookies et donn\u00e9es d\u2019utilisation.<\/p>\n<p>Lieu de transformation: \u00c9tats-Unis \u2013\u00a0<a href=\"https:\/\/policies.google.com\/privacy?hl=en\" target=\"_blank\" rel=\"noreferrer noopener\" aria-label=\" (opens in a new tab)\">Privacy Policy<\/a>\u00a0\u2013\u00a0<a href=\"https:\/\/tools.google.com\/dlpage\/gaoptout?hl=en\" target=\"_blank\" rel=\"noreferrer noopener\" aria-label=\"Opt Out (opens in a new tab)\">Opt Out<\/a>. Participant au Privacy Shield.<\/p>\n<h4>Affichage du contenu de plates-formes externes<\/h4>\n<ul>\n<li>Ce type de service vous permet d\u2019afficher du contenu h\u00e9berg\u00e9 sur des plates-formes externes directement \u00e0 partir des pages de ce site Web et d\u2019interagir avec elles.<\/li>\n<li>Ce type de service peut toujours collecter des donn\u00e9es de trafic Web pour les pages sur lesquelles le service est install\u00e9, m\u00eame lorsque les utilisateurs ne l\u2019utilisent pas.<\/li>\n<\/ul>\n<h4>TripAdvisor widget (TripAdvisor LLC)<\/h4>\n<p>Le widget de TripAdvisor est un service de visualisation de contenu fourni par TripAdvisor LLC qui permet \u00e0 ce site Web d\u2019incorporer le contenu de cette plate-forme externe sur ses pages.<\/p>\n<p>Donn\u00e9es personnelles collect\u00e9es: cookies et donn\u00e9es d\u2019utilisation.<\/p>\n<p>Lieu de transformation: \u00c9tats-Unis \u2013\u00a0<a href=\"https:\/\/www.tripadvisor.com\/pages\/privacy.html\" target=\"_blank\" rel=\"noreferrer noopener\">Privacy Policy<\/a>.<\/p>\n<h4>YouTube video widget (Google Inc.)<\/h4>\n<p>YouTube est un service de visualisation de contenu vid\u00e9o fourni par Google Inc. qui permet \u00e0 ce site Web d\u2019incorporer un contenu de ce type sur ses pages.<\/p>\n<p>Donn\u00e9es personnelles collect\u00e9es: cookies et donn\u00e9es d\u2019utilisation.<\/p>\n<p>Lieu de transformation: \u00c9tats-Unis \u2013\u00a0<a href=\"http:\/\/www.44c28697135b262bde92280084af3f1f-gdprlock\/intl\/en\/policies\/privacy\/\" target=\"_blank\" rel=\"noreferrer noopener\">Privacy Policy<\/a>. Participant au Privacy Shield.<\/p>\n<h4>Instagram widget (Instagram, Inc.)<\/h4>\n<p>Instagram est un service de visualisation d\u2019images fourni par Instagram, Inc. qui permet \u00e0 ce site Web d\u2019incorporer un contenu de ce type sur ses pages.<\/p>\n<p>Donn\u00e9es personnelles collect\u00e9es: cookies et donn\u00e9es d\u2019utilisation.<\/p>\n<p>Lieu de transformation: \u00c9tats-Unis \u2013\u00a0<a href=\"https:\/\/www.8dc6460bbbb088757ed67ed8fb316b1b-gdprlock\/about\/legal\/privacy\/\" target=\"_blank\" rel=\"noreferrer noopener\">Privacy Policy<\/a>.<\/p>\n<h4>Interaction avec les r\u00e9seaux sociaux externes et les plates-formes<\/h4>\n<p>Ce type de service permet une interaction avec les r\u00e9seaux sociaux ou d\u2019autres plates-formes externes directement \u00e0 partir des pages de ce site Web.<br \/>\nLes interactions et les informations obtenues via ce site Web sont toujours soumises aux param\u00e8tres de confidentialit\u00e9 de l\u2019utilisateur pour chaque r\u00e9seau social.<br \/>\nCe type de service peut toujours collecter des donn\u00e9es de trafic pour les pages sur lesquelles le service est install\u00e9, m\u00eame lorsque les utilisateurs ne l\u2019utilisent pas.<\/p>\n<h4>Bouton \u00abPin it\u00bb Pinterest et widgets sociaux (Pinterest)<\/h4>\n<p>Le bouton \u00abPin it\u00bb de Pinterest et les widgets sociaux sont des services permettant une interaction avec la plateforme Pinterest fournie par Pinterest Inc.<\/p>\n<p>Donn\u00e9es personnelles collect\u00e9es: cookies et donn\u00e9es d\u2019utilisation.<\/p>\n<p>Lieu de transformation: \u00c9tats-Unis \u2013\u00a0<a href=\"https:\/\/policy.pinterest.com\/en\/privacy-policy\" target=\"_blank\" rel=\"noreferrer noopener\" aria-label=\" (opens in a new tab)\">Privacy Policy<\/a>.<\/p>\n<h4>Bouton Twitter Tweet et widgets sociaux (Twitter, Inc.)<\/h4>\n<p>Le bouton Twitter Tweet et les widgets sociaux sont des services permettant une interaction avec le r\u00e9seau social Twitter fournis par Twitter, Inc.<\/p>\n<p>Donn\u00e9es personnelles collect\u00e9es: cookies et donn\u00e9es d\u2019utilisation.<\/p>\n<p>Lieu de transformation: \u00c9tats-Unis \u2013\u00a0<a href=\"https:\/\/twitter.com\/en\/privacy\" target=\"_blank\" rel=\"noreferrer noopener\" aria-label=\" (opens in a new tab)\">Privacy Policy<\/a>. Participant au Privacy Shield.<\/p>\n<h4>Bouton StumbleUpon et widgets sociaux (StumbleUpon, Inc.)<\/h4>\n<p>Le bouton StumbleUpon et les widgets sociaux sont des services permettant une interaction avec le r\u00e9seau social StumbleUpon fournis par StumbleUpon, Inc.<\/p>\n<p>Donn\u00e9es personnelles collect\u00e9es: cookies et donn\u00e9es d\u2019utilisation.<\/p>\n<p>Lieu de transformation: \u00c9tats-Unis \u2013\u00a0<a href=\"https:\/\/www.stumbleupon.com\/privacy\" target=\"_blank\" rel=\"noreferrer noopener\" aria-label=\" (opens in a new tab)\">Privacy Policy<\/a>.<\/p>\n<h4>VK Like bouton et widgets sociaux (VKontakte Ltd)<\/h4>\n<p>Le bouton VK Like et les widgets sociaux sont des services permettant une interaction avec le r\u00e9seau social VK fournis par VKontakte Ltd.<\/p>\n<p>Donn\u00e9es personnelles collect\u00e9es: cookies et donn\u00e9es d\u2019utilisation.<\/p>\n<p>Lieu de transformation: \u00c9tats-Unis \u2013\u00a0<a href=\"https:\/\/vk.com\/privacy\" target=\"_blank\" rel=\"noreferrer noopener\" aria-label=\" (opens in a new tab)\">Privacy Policy<\/a>.<\/p>\n<h4>Bouton LinkedIn et widgets sociaux (LinkedIn Corporation)<\/h4>\n<p>Le bouton LinkedIn et les widgets sociaux sont des services permettant une interaction avec le r\u00e9seau social LinkedIn fournis par LinkedIn Corporation.<\/p>\n<p>Donn\u00e9es personnelles collect\u00e9es: cookies et donn\u00e9es d\u2019utilisation.<\/p>\n<p>Lieu de transformation: \u00c9tats-Unis \u2013\u00a0<a href=\"https:\/\/www.linkedin.com\/legal\/privacy-policy\" target=\"_blank\" rel=\"noreferrer noopener\" aria-label=\" (opens in a new tab)\">Privacy Policy<\/a>.<\/p>\n<h4>Bouton Google+ +1 et widgets sociaux (Google Inc.)<\/h4>\n<p>Le bouton Google+ +1 et les widgets sociaux sont des services permettant une interaction avec le r\u00e9seau social Google+ fournis par Google Inc.<\/p>\n<p>Donn\u00e9es personnelles collect\u00e9es: cookies et donn\u00e9es d\u2019utilisation.<\/p>\n<p>Lieu de transformation: \u00c9tats-Unis \u2013\u00a0<a href=\"https:\/\/policies.google.com\/privacy?hl=policies\" target=\"_blank\" rel=\"noreferrer noopener\" aria-label=\" (opens in a new tab)\">Privacy Policy<\/a>. Participant au Privacy Shield.<\/p>\n<h4>Bouton \u201cJ\u2019aime\u201d de Facebook et widgets sociaux (Facebook, Inc.)<\/h4>\n<p>Le bouton Facebook Like et les widgets sociaux sont des services permettant une interaction avec le r\u00e9seau social Facebook fournis par Facebook, Inc.<\/p>\n<p>Donn\u00e9es personnelles collect\u00e9es: cookies et donn\u00e9es d\u2019utilisation.<\/p>\n<p>Lieu de transformation: \u00c9tats-Unis \u2013\u00a0<a href=\"https:\/\/www.facebook.com\/privacy\/explanation\" target=\"_blank\" rel=\"noreferrer noopener\" aria-label=\" (opens in a new tab)\">Privacy Policy<\/a>. Participant au Privacy Shield.<\/p>\n<h4>Interaction avec les plateformes de chat en direct<\/h4>\n<p>Ce type de service permet aux utilisateurs d\u2019interagir avec des plates-formes de discussion en direct tierces directement \u00e0 partir des pages de ce site Web, afin de contacter et d\u2019\u00eatre contact\u00e9 par ce service d\u2019assistance.<br \/>\nSi l\u2019un de ces services est install\u00e9, il peut collecter des donn\u00e9es de navigation et d\u2019utilisation dans les pages o\u00f9 il est install\u00e9, m\u00eame si les utilisateurs n\u2019utilisent pas activement le service. De plus, les conversations en direct peuvent \u00eatre enregistr\u00e9es.<\/p>\n<h4>Tawk.to Widget (tawk.to ltd.)<\/h4>\n<p>Le widget Tawk.to est un service permettant d\u2019interagir avec la plateforme de chat en direct Tawk.to fourni par tawk.to ltd.<\/p>\n<p>Donn\u00e9es personnelles collect\u00e9es: cookies, donn\u00e9es communiqu\u00e9es lors de l\u2019utilisation du service et donn\u00e9es d\u2019utilisation.<\/p>\n<p>Lieu de transformation: Royaume-Uni \u2013\u00a0<a href=\"https:\/\/www.tawk.to\/privacy-policy\/\" target=\"_blank\" rel=\"noreferrer noopener\" aria-label=\" (opens in a new tab)\">Privacy Policy<\/a>.<\/p>\n<h4 id=\"manage_cookies\">Comment donner ou retirer son consentement \u00e0 l\u2019installation de cookies<\/h4>\n<p>Outre les informations sp\u00e9cifi\u00e9es dans ce document, l\u2019utilisateur peut g\u00e9rer les pr\u00e9f\u00e9rences pour les cookies directement \u00e0 partir de son propre navigateur et emp\u00eacher, par exemple, des tiers d\u2019installer des cookies.<br \/>\nDans les pr\u00e9f\u00e9rences du navigateur, il est \u00e9galement possible de supprimer les cookies install\u00e9s dans le pass\u00e9, y compris les cookies qui peuvent avoir enregistr\u00e9 le consentement initial pour l\u2019installation de cookies par ce site Web.<br \/>\nLes utilisateurs peuvent, par exemple, trouver des informations sur la gestion des cookies dans les navigateurs les plus utilis\u00e9s aux adresses suivantes:\u00a0<a href=\"https:\/\/support.google.com\/chrome\/answer\/95647?hl=en&amp;p=cpn_cookies\" target=\"_blank\" rel=\"noreferrer noopener\" aria-label=\" (opens in a new tab)\">Google Chrome<\/a>,\u00a0<a href=\"https:\/\/support.mozilla.org\/en-US\/kb\/enable-and-disable-cookies-website-preferences\" target=\"_blank\" rel=\"noreferrer noopener\" aria-label=\" (opens in a new tab)\">Mozilla Firefox<\/a>,\u00a0<a href=\"https:\/\/support.apple.com\/kb\/PH21411\" target=\"_blank\" rel=\"noreferrer noopener\" aria-label=\" (opens in a new tab)\">Apple Safari<\/a>\u00a0et\u00a0<a href=\"http:\/\/windows.microsoft.com\/en-us\/windows-vista\/block-or-allow-cookies\" target=\"_blank\" rel=\"noreferrer noopener\" aria-label=\" (opens in a new tab)\">Microsoft Internet Explorer<\/a>.<\/p>\n<p>En ce qui concerne les cookies install\u00e9s par des tiers, les utilisateurs peuvent g\u00e9rer leurs pr\u00e9f\u00e9rences et le retrait de leur consentement en cliquant sur le lien de d\u00e9sinscription associ\u00e9 (le cas \u00e9ch\u00e9ant), en utilisant les moyens fournis dans la politique de confidentialit\u00e9 de ce tiers ou en contactant ce dernier. .<\/p>\n<p>Nonobstant ce qui pr\u00e9c\u00e8de, le propri\u00e9taire indique que les utilisateurs peuvent suivre les instructions fournies par\u00a0<a href=\"http:\/\/www.youronlinechoices.eu\/\" target=\"_blank\" rel=\"noreferrer noopener\" aria-label=\" (opens in a new tab)\">EDAA<\/a>\u00a0(EU), la\u00a0<a href=\"https:\/\/www.networkadvertising.org\/understanding-digital-advertising\" target=\"_blank\" rel=\"noreferrer noopener\" aria-label=\" (opens in a new tab)\">Network Advertising Initiative<\/a>(US) et la\u00a0<a href=\"https:\/\/www.aboutads.info\/consumers\/\" target=\"_blank\" rel=\"noreferrer noopener\" aria-label=\" (opens in a new tab)\">Digital Advertising Alliance<\/a>\u00a0(US),\u00a0<a href=\"https:\/\/youradchoices.ca\/understanding-online-advertising\/\" target=\"_blank\" rel=\"noreferrer noopener\" aria-label=\" (opens in a new tab)\">DAAC<\/a>\u00a0(Canada),\u00a0<a href=\"http:\/\/www.ddai.info\/optout\" target=\"_blank\" rel=\"noreferrer noopener\" aria-label=\" (opens in a new tab)\">DDAI<\/a>\u00a0(Japon) ou d\u2019autres services similaires. Ces initiatives permettent aux utilisateurs de s\u00e9lectionner leurs pr\u00e9f\u00e9rences de suivi pour la plupart des outils publicitaires. Le propri\u00e9taire recommande donc aux utilisateurs d\u2019utiliser ces ressources en plus des informations fournies dans ce document.<\/p>\n<h3 id=\"owner_of_the_data\">Propri\u00e9taire et contr\u00f4leur de donn\u00e9es<\/h3>\n<p>Sopis Daghio, 9\/1 Moo 4 Soi Chark Nok 19, Huai Yai , Banglamung, Chonburi, 20150 Pattaya, Thailand<\/p>\n<p><strong>Adresse e-mail du propri\u00e9taire:\u00a0<\/strong><span id=\"cloakcf6457692272e2ffb89deb24b82b325c\"><a href=\"mailto:info@kombatgroup.com\">info@kombatgroup.com<\/a><\/span><\/p>\n<p>L\u2019installation de cookies tiers et d\u2019autres syst\u00e8mes de suivi via les services utilis\u00e9s sur ce site Web ne pouvant pas \u00eatre contr\u00f4l\u00e9e techniquement par le propri\u00e9taire, toute r\u00e9f\u00e9rence sp\u00e9cifique aux cookies et aux syst\u00e8mes de suivi install\u00e9s par des tiers doit \u00eatre consid\u00e9r\u00e9e \u00e0 titre indicatif. Afin d\u2019obtenir des informations compl\u00e8tes, l\u2019utilisateur est pri\u00e9 de bien vouloir consulter la politique de confidentialit\u00e9 des services tiers mentionn\u00e9s dans ce document.<\/p>\n<p>Compte tenu de la complexit\u00e9 objective entourant l\u2019identification des technologies bas\u00e9es sur les cookies, les utilisateurs sont invit\u00e9s \u00e0 contacter le propri\u00e9taire s\u2019ils souhaitent recevoir des informations suppl\u00e9mentaires sur l\u2019utilisation des cookies par ce site Web.<\/p>\n<h4>D\u00e9finitions et r\u00e9f\u00e9rences l\u00e9gales<\/h4>\n<h4>Donn\u00e9es personnelles (ou donn\u00e9es)<\/h4>\n<p>Toute information qui, directement, indirectement ou en relation avec d\u2019autres informations \u2013 y compris un num\u00e9ro d\u2019identification personnel \u2013 permet d\u2019identifier ou d\u2019identifier une personne physique.<\/p>\n<h4>Des donn\u00e9es d\u2019utilisation<\/h4>\n<p>Les informations collect\u00e9es automatiquement via ce site Web (ou des services tiers utilis\u00e9s dans ce site Web), qui peuvent inclure: les adresses IP ou les noms de domaine des ordinateurs utilis\u00e9s par les utilisateurs qui utilisent ce site Web, les adresses URI (identificateur de ressource uniforme), l\u2019heure de la demande, la m\u00e9thode utilis\u00e9e pour soumettre la demande au serveur, la taille du fichier re\u00e7u en r\u00e9ponse, le code num\u00e9rique indiquant l\u2019\u00e9tat de la r\u00e9ponse du serveur (r\u00e9sultat positif, erreur, etc.), le pays d\u2019origine, les fonctionnalit\u00e9s du navigateur et du syst\u00e8me d\u2019exploitation utilis\u00e9 par l\u2019utilisateur, les diff\u00e9rents d\u00e9tails de l\u2019heure par visite (par exemple, le temps pass\u00e9 sur chaque page de l\u2019application) et les d\u00e9tails du chemin suivi dans l\u2019application, avec une r\u00e9f\u00e9rence particuli\u00e8re \u00e0 la s\u00e9quence de pages visit\u00e9es et autres param\u00e8tres relatifs au syst\u00e8me d\u2019exploitation du p\u00e9riph\u00e9rique et \/ ou \u00e0 l\u2019environnement informatique de l\u2019utilisateur.<\/p>\n<h4>Utilisateur<\/h4>\n<p>La personne qui utilise ce site Web et qui, sauf indication contraire, co\u00efncide avec la personne concern\u00e9e.<\/p>\n<h4>Sujet de donn\u00e9es<\/h4>\n<p>La personne physique \u00e0 laquelle les donn\u00e9es personnelles font r\u00e9f\u00e9rence.<\/p>\n<h4>Processeur de donn\u00e9es (ou superviseur de donn\u00e9es)<\/h4>\n<p>Personne physique ou morale, autorit\u00e9 publique, agence ou autre organisme qui traite des donn\u00e9es \u00e0 caract\u00e8re personnel pour le compte du contr\u00f4leur, comme d\u00e9crit dans la pr\u00e9sente politique de confidentialit\u00e9.<\/p>\n<h4>Contr\u00f4leur de donn\u00e9es (ou propri\u00e9taire)<\/h4>\n<p>Personne physique ou morale, autorit\u00e9 publique, agence ou autre organisme qui, seul ou conjointement avec d\u2019autres, d\u00e9termine les finalit\u00e9s et les moyens du traitement des Donn\u00e9es \u00e0 caract\u00e8re personnel, y compris les mesures de s\u00e9curit\u00e9 relatives au fonctionnement et \u00e0 l\u2019utilisation de ce site Web. Le contr\u00f4leur de donn\u00e9es, sauf indication contraire, est le propri\u00e9taire de ce site Web.<\/p>\n<h4>Ce site Web (ou cette application)<\/h4>\n<p>Le moyen par lequel les donn\u00e9es personnelles de l\u2019utilisateur sont collect\u00e9es et trait\u00e9es.<\/p>\n<h4>Service<\/h4>\n<p>Le service fourni par ce site Web tel que d\u00e9crit dans les conditions relatives (si disponible) et sur ce site \/ cette application.<\/p>\n<h4>European Union (ou EU)<\/h4>\n<p>Sauf indication contraire, toutes les r\u00e9f\u00e9rences faites dans le pr\u00e9sent document \u00e0 l\u2019Union europ\u00e9enne incluent tous les \u00c9tats membres actuels de l\u2019Union europ\u00e9enne et de l\u2019Espace \u00e9conomique europ\u00e9en.<\/p>\n<h4>Cookies<\/h4>\n<p>Petits ensembles de donn\u00e9es stock\u00e9es dans le p\u00e9riph\u00e9rique de l\u2019utilisateur.<\/p>\n<hr \/>\n<h4>Information l\u00e9gale<\/h4>\n<p>Cette d\u00e9claration de confidentialit\u00e9 a \u00e9t\u00e9 pr\u00e9par\u00e9e sur la base des dispositions de multiples l\u00e9gislations, dont l\u2019art. 13\/14 du r\u00e8glement (UE) 2016\/679 (r\u00e8glement g\u00e9n\u00e9ral sur la protection des donn\u00e9es).<\/p>\n<p>Cette politique de confidentialit\u00e9 concerne uniquement ce site Web, sauf indication contraire dans ce document.<\/p>\n<p>Derni\u00e8re mise \u00e0 jour: le 24 mai 2018<\/p>\n<\/div><\/div><\/div><\/div><\/div>\n","protected":false},"excerpt":{"rendered":"","protected":false},"author":7,"featured_media":0,"parent":0,"menu_order":0,"comment_status":"closed","ping_status":"closed","template":"100-width.php","meta":{"_seopress_robots_primary_cat":"0","_seopress_titles_title":"","_seopress_titles_desc":"","_seopress_robots_index":"","footnotes":""},"class_list":["post-7620","page","type-page","status-publish","hentry"],"_links":{"self":[{"href":"https:\/\/www.kombatgroup.com\/fr\/wp-json\/wp\/v2\/pages\/7620","targetHints":{"allow":["GET"]}}],"collection":[{"href":"https:\/\/www.kombatgroup.com\/fr\/wp-json\/wp\/v2\/pages"}],"about":[{"href":"https:\/\/www.kombatgroup.com\/fr\/wp-json\/wp\/v2\/types\/page"}],"author":[{"embeddable":true,"href":"https:\/\/www.kombatgroup.com\/fr\/wp-json\/wp\/v2\/users\/7"}],"replies":[{"embeddable":true,"href":"https:\/\/www.kombatgroup.com\/fr\/wp-json\/wp\/v2\/comments?post=7620"}],"version-history":[{"count":5,"href":"https:\/\/www.kombatgroup.com\/fr\/wp-json\/wp\/v2\/pages\/7620\/revisions"}],"predecessor-version":[{"id":7625,"href":"https:\/\/www.kombatgroup.com\/fr\/wp-json\/wp\/v2\/pages\/7620\/revisions\/7625"}],"wp:attachment":[{"href":"https:\/\/www.kombatgroup.com\/fr\/wp-json\/wp\/v2\/media?parent=7620"}],"curies":[{"name":"wp","href":"https:\/\/api.w.org\/{rel}","templated":true}]}}