{"id":9318,"date":"2023-04-19T09:42:08","date_gmt":"2023-04-19T02:42:08","guid":{"rendered":"https:\/\/www.kombatgroup.com\/cookie-policy\/"},"modified":"2023-05-25T09:50:27","modified_gmt":"2023-05-25T02:50:27","slug":"cookie-policy","status":"publish","type":"page","link":"https:\/\/www.kombatgroup.com\/de\/cookie-policy\/","title":{"rendered":"Cookie-Richtlinien"},"content":{"rendered":"<div class=\"fusion-fullwidth fullwidth-box fusion-builder-row-1 fusion-flex-container has-pattern-background has-mask-background nonhundred-percent-fullwidth non-hundred-percent-height-scrolling\" style=\"--awb-border-radius-top-left:0px;--awb-border-radius-top-right:0px;--awb-border-radius-bottom-right:0px;--awb-border-radius-bottom-left:0px;--awb-margin-top:40px;--awb-flex-wrap:wrap;\" ><div class=\"fusion-builder-row fusion-row fusion-flex-align-items-flex-start fusion-flex-content-wrap\" style=\"max-width:1216.8px;margin-left: calc(-4% \/ 2 );margin-right: calc(-4% \/ 2 );\"><div class=\"fusion-layout-column fusion_builder_column fusion-builder-column-0 fusion_builder_column_1_1 1_1 fusion-flex-column\" style=\"--awb-bg-size:cover;--awb-width-large:100%;--awb-margin-top-large:0px;--awb-spacing-right-large:1.92%;--awb-margin-bottom-large:20px;--awb-spacing-left-large:1.92%;--awb-width-medium:100%;--awb-order-medium:0;--awb-spacing-right-medium:1.92%;--awb-spacing-left-medium:1.92%;--awb-width-small:100%;--awb-order-small:0;--awb-spacing-right-small:1.92%;--awb-spacing-left-small:1.92%;\"><div class=\"fusion-column-wrapper fusion-column-has-shadow fusion-flex-justify-content-flex-start fusion-content-layout-column\"><div class=\"fusion-text fusion-text-1\"><h1 style=\"font-size: 36px;\">COOKIE-RICHTLINIEN<\/h1>\n<h5>Einige der Zwecke, f\u00fcr die Cookies installiert werden, k\u00f6nnen die Zustimmung des Benutzers erfordern<\/h5>\n<h4>Cookie-Richtlinien von www.kombatgroup.com\/de<\/h4>\n<p>Cookies bestehen aus Teilen von Codes, die im Browser installiert werden und dem Anbieter dabei helfen, die den erkl\u00e4rten Zwecken entsprechenden Dienste zur Verf\u00fcgung zu stellen. Einige der Zwecke, f\u00fcr die Cookies installiert werden, k\u00f6nnen auch die Einwilligung des Nutzers erfordern.<\/p>\n<p>Sofern die Installation von Cookies auf einer Einwilligung beruht, kann diese jederzeit nach den Anweisungen in diesem Dokument widerrufen werden.<\/p>\n<h3 id=\"technical_cookies\">Technische Cookies und Cookies, die aggregierten statistischen Zwecken dienen<\/h3>\n<h3>F\u00fcr die Funktionalit\u00e4t des Dienstes essenzielle Aktivit\u00e4ten<\/h3>\n<p>Diese Website benutzt Cookies, um Nutzer-Sessions zu speichern und um andere f\u00fcr den Betrieb essenzielle Aktivit\u00e4ten f\u00fcr diese Website durchzuf\u00fchren, zum Beispiel im Zusammenhang mit der Verteilung des Datenverkehrs.<\/p>\n<h3>Die Speicherung von Einstellungen, Optimierung und Statistiken betreffende Aktivit\u00e4ten<\/h3>\n<p>Diese Website verwendet Cookies, um Browser-Einstellungen zu speichern und um das Surf-Erlebnis des Nutzers zu optimieren. Zu diesen Cookies z\u00e4hlen beispielsweise jene, mit denen die Sprache und die W\u00e4hrung eingestellt werden oder solche f\u00fcr die Verwaltung von Erstanbieterstatistiken, die direkt vom Anbieter der Seite betrieben werden.<\/p>\n<h3 id=\"other_types_cookies\">Andere Arten von Cookies oder Dritte, die Cookies installieren<\/h3>\n<p>Einige der unten aufgelisteten Dienste verwalten Statistiken in aggregierter und anonymisierter Form und erfordern nicht unbedingt die Einwilligung des Nutzers oder k\u00f6nnen direkt vom Anbieter \u2013 abh\u00e4ngig von ihrer Beschreibung \u2013 ohne Hilfe von Drittanbietern betrieben werden.<\/p>\n<p>Sollten von Drittanbietern geleistete Dienste bei den unten stehenden Tools erscheinen, k\u00f6nnen diese dazu verwendet werden, um die Surfgewohnheiten des Nutzers nachzuvollziehen \u2013 zus\u00e4tzlich zu den hierin spezifizierten Informationen und ohne Wissen des Anbieters. F\u00fcr genauere Informationen ziehen Sie bitte die Datenschutzerkl\u00e4rungen der aufgelisteten Dienste zurate.<\/p>\n<h3>Analytik<\/h3>\n<p>Mit den in diesem Abschnitt aufgef\u00fchrten Dienstleistungen kann der Anbieter den Datenverkehr \u00fcberwachen und analysieren sowie das Verhalten von Nutzern nachverfolgen.<\/p>\n<h4>Google Analytics (Google Inc.)<\/h4>\n<p>Google Analytics ist ein Webanalysedienst von Google Inc. (\u201eGoogle\u201c). Google verwendet die erhobenen Daten, um nachzuverfolgen und zu untersuchen, wie diese Website genutzt wird, Berichte \u00fcber ihre Aktivit\u00e4ten zu verfassen und diese gemeinsam mit anderen Google-Diensten zu nutzen.<br \/>\nGoogle kann die erhobenen Daten verwenden, um die Anzeigen seines eigenen Werbenetzwerks zu kontextualisieren und personalisieren.<\/p>\n<p>Erhobene personenbezogene Daten: Cookie und Nutzungsdaten.<\/p>\n<p>Verarbeitungsort: Vereinigte Staaten \u2013\u00a0<a href=\"https:\/\/www.google.com\/intl\/de\/policies\/privacy\/\" target=\"_blank\" rel=\"noreferrer noopener\">Datenschutzerkl\u00e4rung<\/a>\u00a0\u2013\u00a0<a href=\"https:\/\/tools.google.com\/dlpage\/gaoptout?hl=de\" target=\"_blank\" rel=\"noreferrer noopener\">Opt Out<\/a>. Privacy Shield-Mitglied.<\/p>\n<h3>Anzeigen von Inhalten externer Plattformen<\/h3>\n<p>Mit dieser Art von Diensten k\u00f6nnen Nutzer sich Inhalte, die auf externen Plattformen gehostet werden, direkt \u00fcber diese Website anzeigen lassen und mit ihnen interagieren.<br \/>\nFalls ein solcher Dienst installiert ist, so kann er f\u00fcr die Seiten, auf denen er installiert ist, m\u00f6glicherweise auch dann Daten aus dem Datenverkehr erheben, wenn Nutzer ihn nicht verwenden.<\/p>\n<h4>TripAdvisor widget (TripAdvisor LLC)<\/h4>\n<p>TripAdvisor-Widget ist ein von TripAdvisor LLC bereitgestellter Visualisierungsservice f\u00fcr diverse Inhalte, mit dem diese Website Inhalte von dieser externen Plattform auf ihren Seiten einbinden kann.<\/p>\n<p>Erhobene personenbezogene Daten: Cookie und Nutzungsdaten.<\/p>\n<p>Verarbeitungsort: Vereinigte Staaten \u2013\u00a0<a href=\"https:\/\/www.tripadvisor.com\/pages\/privacy.html\" target=\"_blank\" rel=\"noreferrer noopener\">Datenschutzerkl\u00e4rung<\/a>.<\/p>\n<h4>YouTube-Video-Widget (Google Inc.)<\/h4>\n<p>YouTube ist ein von Google Inc. bereitgestellter Service zur Visualisierung von Videoinhalten, mit dem diese Website entsprechende Inhalte auf ihren Seiten einbinden kann.<\/p>\n<p>Erhobene personenbezogene Daten: Cookie und Nutzungsdaten.<\/p>\n<p>Verarbeitungsort: Vereinigte Staaten \u2013\u00a0<a href=\"https:\/\/www.google.it\/intl\/de\/policies\/privacy\/\" target=\"_blank\" rel=\"noreferrer noopener\">Datenschutzerkl\u00e4rung<\/a>. Privacy Shield-Mitglied.<\/p>\n<h4>Instagram-Widget (Instagram, Inc.)<\/h4>\n<p>Instagram ist ein von Instagram, Inc. bereitgestellter Visualisierungsservice f\u00fcr Bilder, mit dem diese Website entsprechende Inhalte auf ihren Seiten einbinden kann.<\/p>\n<p>Erhobene personenbezogene Daten: Cookie und Nutzungsdaten.<\/p>\n<p>Verarbeitungsort: Vereinigte Staaten \u2013\u00a0<a href=\"https:\/\/www.instagram.com\/about\/legal\/privacy\/\" target=\"_blank\" rel=\"noreferrer noopener\">Datenschutzerkl\u00e4rung<\/a>.<\/p>\n<h3>Interaktion mit externen sozialen Netzwerken und Plattformen<\/h3>\n<p>Diese Art von Diensten erm\u00f6glichen die Interaktion mit sozialen Netzwerken oder sonstigen externen Plattformen direkt \u00fcber diese Website.<br \/>\nDie Interaktion sowie die \u00fcber diese Website erhobenen Informationen unterliegen stets den von den Nutzern f\u00fcr das jeweilige soziale Netzwerk vorgenommenen Privatsph\u00e4re-Einstellungen.<br \/>\nFalls ein Dienst f\u00fcr die Interaktion mit sozialen Netzwerken installiert ist, so kann er f\u00fcr die Seiten, auf denen er installiert ist, auch dann Daten aus dem Datenverkehr erheben, wenn Nutzer den Dienst nicht verwenden.<\/p>\n<h4>\u201ePin it\u201c-Schaltfl\u00e4che und soziale Widgets f\u00fcr Pinterest (Pinterest)<\/h4>\n<p>Die \u201ePin it\u201c-Schaltfl\u00e4che und sozialen Widgets f\u00fcr Pinterest sind Dienste f\u00fcr die Interaktion mit dem sozialen Netzwerk Pinterest von Pinterest Inc.<\/p>\n<p>Erhobene personenbezogene Daten: Cookie und Nutzungsdaten.<\/p>\n<p>Verarbeitungsort: Vereinigte Staaten \u2013\u00a0<a href=\"https:\/\/about.pinterest.com\/en\/privacy-policy\" target=\"_blank\" rel=\"noreferrer noopener\">Datenschutzerkl\u00e4rung<\/a>.<\/p>\n<h4>Tweet-Schaltfl\u00e4che und soziale Widgets f\u00fcr Twitter (Twitter, Inc.)<\/h4>\n<p>Die Tweet-Schaltfl\u00e4che und sozialen Widgets f\u00fcr Twitter sind Dienste f\u00fcr die Interaktion mit dem sozialen Netzwerk Twitter von Twitter, Inc.<\/p>\n<p>Erhobene personenbezogene Daten: Cookie und Nutzungsdaten.<\/p>\n<p>Verarbeitungsort: Vereinigte Staaten \u2013\u00a0<a href=\"https:\/\/twitter.com\/privacy\" target=\"_blank\" rel=\"noreferrer noopener\">Datenschutzerkl\u00e4rung<\/a>. Privacy Shield-Mitglied.<\/p>\n<h4>Schaltfl\u00e4che und soziale Widgets von StumbleUpon (StumbleUpon, Inc.)<\/h4>\n<p>Die Schaltfl\u00e4che und sozialen Widgets f\u00fcr StumbleUpon sind Dienste f\u00fcr die Interaktion mit dem sozialen Netzwerk StumbleUpon von StumbleUpon, Inc.<\/p>\n<p>Erhobene personenbezogene Daten: Cookie und Nutzungsdaten.<\/p>\n<p>Verarbeitungsort: Vereinigte Staaten \u2013\u00a0<a href=\"https:\/\/www.stumbleupon.com\/privacy\" target=\"_blank\" rel=\"noreferrer noopener\">Datenschutzerkl\u00e4rung<\/a>.<\/p>\n<h4>\u201eGef\u00e4llt mir\u201c-Schaltfl\u00e4che und soziale Widgets f\u00fcr VK (VKontakte Ltd)<\/h4>\n<p>Die \u201eGef\u00e4llt mir\u201c-Schaltfl\u00e4che und sozialen Widgets f\u00fcr VK sind Dienste f\u00fcr die Interaktion mit dem sozialen Netzwerk VK von VKontakte Ltd.<\/p>\n<p>Erhobene personenbezogene Daten: Cookie und Nutzungsdaten.<\/p>\n<p>Verarbeitungsort: Russische F\u00f6deration \u2013\u00a0<a href=\"https:\/\/vk.com\/privacy\" target=\"_blank\" rel=\"noreferrer noopener\">Datenschutzerkl\u00e4rung<\/a>.<\/p>\n<h4>Schaltfl\u00e4che und soziale Widgets f\u00fcr Linkedin (LinkedIn Corporation)<\/h4>\n<p>Die Schaltfl\u00e4che und sozialen Widgets f\u00fcr LinkedIn sind Dienste f\u00fcr die Interaktion mit dem sozialen Netzwerk LinkedIn von LinkedIn Corporation.<\/p>\n<p>Erhobene personenbezogene Daten: Cookie und Nutzungsdaten.<\/p>\n<p>Verarbeitungsort: Vereinigte Staaten \u2013\u00a0<a href=\"https:\/\/www.linkedin.com\/legal\/privacy-policy\" target=\"_blank\" rel=\"noreferrer noopener\">Datenschutzerkl\u00e4rung<\/a>.<\/p>\n<h4>+1-Schaltfl\u00e4che und soziale Widgets f\u00fcr Google+ (Google Inc.)<\/h4>\n<p>Die +1-Schaltfl\u00e4che und sozialen Widgets f\u00fcr Google+ sind Dienste f\u00fcr die Interaktion mit dem sozialen Netzwerk Google+ von Google Inc.<\/p>\n<p>Erhobene personenbezogene Daten: Cookie und Nutzungsdaten.<\/p>\n<p>Verarbeitungsort: Vereinigte Staaten \u2013\u00a0<a href=\"https:\/\/www.google.com\/intl\/de\/policies\/privacy\/\" target=\"_blank\" rel=\"noreferrer noopener\">Datenschutzerkl\u00e4rung<\/a>. Privacy Shield-Mitglied.<\/p>\n<h4>\u201eGef\u00e4llt mir\u201c-Schaltfl\u00e4che und soziale Widgets f\u00fcr Facebook (Facebook, Inc.)<\/h4>\n<p>Die \u201eGef\u00e4llt mir\u201c-Schaltfl\u00e4che und sozialen Widgets f\u00fcr Facebook sind Dienste f\u00fcr die Interaktion mit dem sozialen Netzwerk Facebook von Facebook, Inc.<\/p>\n<p>Erhobene personenbezogene Daten: Cookie und Nutzungsdaten.<\/p>\n<p>Verarbeitungsort: Vereinigte Staaten \u2013\u00a0<a href=\"https:\/\/www.facebook.com\/privacy\/explanation\" target=\"_blank\" rel=\"noreferrer noopener\">Datenschutzerkl\u00e4rung<\/a>. Privacy Shield-Mitglied.<\/p>\n<h3>Interaktion mit Live-Chat-Plattformen<\/h3>\n<p>Mit dieser Art von Diensten k\u00f6nnen Nutzer direkt \u00fcber diese Website mit Live-Chat-Plattformen von Drittanbietern interagieren, um das f\u00fcr diese Website zust\u00e4ndige Supportteam zu kontaktieren bzw. von ihm kontaktiert zu werden.<br \/>\nIst ein entsprechender Dienst installiert, so kann er auf den Seiten, auf denen er installiert ist, m\u00f6glicherweise auch dann Navigations- und Nutzungsdaten sammeln, wenn Nutzer den Dienst nicht aktiv verwenden. Au\u00dferdem werden Live-Chat-Unterhaltungen m\u00f6glicherweise protokolliert.<\/p>\n<h4>Tawk.to Widget (tawk.to ltd.)<\/h4>\n<p>Das Tawk.to Widget ist ein Dienst f\u00fcr das Interagieren mit der Live-Chat-Plattform Tawk.to von tawk.to ltd.<\/p>\n<p>Erhobene personenbezogene Daten: Cookie, Nutzungsdaten und W\u00e4hrend der Nutzung des Dienstes \u00fcbermittelte Daten.<\/p>\n<p>Verarbeitungsort: Vereinigtes K\u00f6nigreich \u2013\u00a0<a href=\"https:\/\/www.tawk.to\/privacy-policy\/\" target=\"_blank\" rel=\"noreferrer noopener\">Datenschutzerkl\u00e4rung<\/a>.<\/p>\n<h3 id=\"manage_cookies\">Wie kann ich die Einwilligung zur Installation von Cookies erteilen oder widerrufen?<\/h3>\n<p>Zus\u00e4tzlich zu dem, was in diesem Dokument beschrieben wird, kann der Nutzer Einstellungen f\u00fcr Cookies direkt in seinem eigenen Browser verwalten und somit Drittanbieter daran hindern, Cookies zu installieren. Durch die Browser-Einstellungen ist es auch m\u00f6glich, in der Vergangenheit installierte Cookies zu l\u00f6schen, darunter auch jene Cookies, die m\u00f6glicherweise die Einwilligung f\u00fcr die Installation von Cookies durch diese Website gespeichert haben.. Der Nutzer kann, zum Beispiel, Informationen \u00fcber die Verwaltung von Cookies in den meistgenutzten Browsern unter folgenden Adressen finden:\u00a0<a href=\"https:\/\/support.google.com\/chrome\/answer\/95647?hl=de&amp;p=cpn_cookies\">Google Chrome<\/a>,\u00a0<a href=\"https:\/\/support.mozilla.org\/de\/kb\/cookies-erlauben-und-ablehnen\">Mozilla Firefox<\/a>,\u00a0<a href=\"https:\/\/support.apple.com\/kb\/PH21411\">Apple Safari<\/a>\u00a0und\u00a0<a href=\"http:\/\/windows.microsoft.com\/de-de\/windows-vista\/block-or-allow-cookies\">Microsoft Internet Explorer<\/a>.<\/p>\n<p>In Bezug auf von Dritten installierte Cookies k\u00f6nnen Nutzer ihre Pr\u00e4ferenzen und den Widerruf ihrer Einwilligung verwalten, indem sie auf den entsprechenden Opt-out-Link (falls vorhanden) klicken, die in der Datenschutzrichtlinie des Dritten vorgesehenen Mittel verwenden oder den Dritten kontaktieren.<\/p>\n<p>Ungeachtet der obigen Ausf\u00fchrungen, informiert der Anbieter, dass Nutzer den Instruktionen auf\u00a0<a href=\"http:\/\/www.youronlinechoices.eu\/\">EDAA<\/a>\u00a0(EU),\u00a0<a href=\"https:\/\/www.networkadvertising.org\/understanding-digital-advertising\">Network Advertising Initiative<\/a>\u00a0(US) und\u00a0<a href=\"https:\/\/www.aboutads.info\/consumers\/\">Digital Advertising Alliance<\/a>\u00a0(US),\u00a0<a href=\"https:\/\/youradchoices.ca\/understanding-online-advertising\/\">DAAC<\/a>\u00a0(Canada),\u00a0<a href=\"http:\/\/www.ddai.info\/optout\">DDAI<\/a>\u00a0(Japan) oder \u00e4hnlichen Diensten folgen und davon profitieren k\u00f6nnen. Solche Dienste erm\u00f6glichen es dem Nutzer, seine Tracking-Einstellungen f\u00fcr fast alle Werbe-Tools festzulegen. Der Anbieter empfiehlt Nutzern somit, zus\u00e4tzlich zu den in diesem Dokument bereitgestellten Informationen auch von diesem Mittel Gebrauch zu machen.<\/p>\n<h3 id=\"owner_of_the_data\">Anbieter und Verantwortlicher<\/h3>\n<p>Sopis Daghio, 49\/1 Moo 4 Soi Chark Nok 19, Huai Yai , Banglamung, Chonburi, 20150 Pattaya, Thailand<\/p>\n<p><strong>E-Mail-Adresse des Anbieters:<\/strong>\u00a0<span id=\"cloak7f6f52a5b0aaf14dacd7ddc17b261931\"><a href=\"mailto:info@kombatgroup.com\">info@kombatgroup.com<\/a><\/span><\/p>\n<p>Da diese Website Dienste von Drittanbietern nutzt, die die Installation von Cookies und anderer solcher Tracking-Systeme zur Folge hat, welche technisch nicht durch den Anbieter kontrolliert werden k\u00f6nnen, muss jeder spezifische Hinweis auf von Drittanbietern installierte Cookies und Tracking-Systeme als indikativ angesehen werden. Komplette Informationen sind den Datenschutzerkl\u00e4rungen der in diesem Dokument angegebenen jeweiligen Drittanbietern zu entnehmen.<\/p>\n<p>Angesichts der objektiven Komplexit\u00e4t, die mit der Identifikation von auf Cookies basierenden Technologien verbunden ist, werden Nutzer gebeten, sich mit dem Anbieter in Verbindung zu setzen, wenn sie weitere Informationen \u00fcber die Verwendung von Cookies durch diese Website erhalten m\u00f6chten.<\/p>\n<h3>Begriffsbestimmungen und rechtliche Hinweise<\/h3>\n<h4>Personenbezogene Daten (oder Daten)<\/h4>\n<p>Alle Informationen, durch die direkt oder in Verbindung mit weiteren Informationen die Identit\u00e4t einer nat\u00fcrlichen Person bestimmt wird oder werden kann.<\/p>\n<h4>Nutzungsdaten<\/h4>\n<p>Informationen, die diese Website (oder Dienste Dritter, die diese Website in Anspruch nimmt), automatisch erhebt, z. B.: die IP-Adressen oder Domain-Namen der Computer von Nutzern, die diese Website verwenden, die URI-Adressen (Uniform Resource Identifier), den Zeitpunkt der Anfrage, die Methode, die f\u00fcr die \u00dcbersendung der Anfrage an den Server verwendet wurde, die Gr\u00f6\u00dfe der empfangenen Antwort-Datei, der Zahlencode, der den Status der Server-Antwort anzeigt (erfolgreiches Ergebnis, Fehler etc.), das Herkunftsland, die Funktionen des vom Nutzer verwendeten Browsers und Betriebssystems, die diversen Zeitangaben pro Aufruf (z. B. wie viel Zeit auf jeder Seite der Anwendung verbracht wurde) und Angaben \u00fcber den Pfad, dem innerhalb einer Anwendung gefolgt wurde, insbesondere die Reihenfolge der besuchten Seiten, sowie sonstige Informationen \u00fcber das Betriebssystem des Ger\u00e4ts und\/oder die IT-Umgebung des Nutzers.<\/p>\n<h4>Nutzer<\/h4>\n<p>Die diese Website verwendende Person, die, soweit nicht anders bestimmt, mit dem Betroffenen \u00fcbereinstimmt.<\/p>\n<h4>Betroffener<\/h4>\n<p>Die nat\u00fcrliche Person, auf die sich die personenbezogenen Daten beziehen.<\/p>\n<h4>Auftragsverarbeiter (oder Datenverarbeiter)<\/h4>\n<p>Nat\u00fcrliche oder juristische Person, Beh\u00f6rde, Einrichtung oder andere Stelle, die personenbezogene Daten im Auftrag des Verantwortlichen verarbeitet, wie in dieser Datenschutzerkl\u00e4rung beschrieben.<\/p>\n<h4>Verantwortlicher (oder Anbieter, teilweise auch Eigent\u00fcmer)<\/h4>\n<p>Die nat\u00fcrliche oder juristische Person, Beh\u00f6rde, Einrichtung oder andere Stelle, die allein oder gemeinsam mit anderen \u00fcber die Zwecke und Mittel der Verarbeitung personenbezogener Daten sowie die hierf\u00fcr verwendeten Mittel entscheidet, einschlie\u00dflich der Sicherheitsma\u00dfnahmen bez\u00fcglich des sich auf diese Website beziehenden Betriebs und der Nutzung. Soweit nichts anderes angegeben ist, ist der Verantwortliche die nat\u00fcrliche oder juristische Person, \u00fcber welche diese Website angeboten wird.<\/p>\n<h4>Diese Website (oder diese Anwendung)<\/h4>\n<p>Das Hardware- oder Software-Tool, mit dem die personenbezogenen Daten des Nutzers erhoben und verarbeitet werden.<\/p>\n<h4>Dienst<\/h4>\n<p>Der durch diese Website angebotene Dienst, wie in den entsprechenden Nutzungsbedingungen (falls vorhanden) und auf dieser Seite\/Anwendung beschrieben.<\/p>\n<h4>Europ\u00e4ische Union (oder EU)<\/h4>\n<p>Sofern nicht anders angegeben, beziehen sich alle Verweise in diesem Dokument auf die Europ\u00e4ische Union auf alle derzeitigen Mitgliedstaaten der Europ\u00e4ischen Union und den Europ\u00e4ischen Wirtschaftsraum (EWR).<\/p>\n<h4>Cookie<\/h4>\n<p>Kleine Datei, die auf das Ger\u00e4t des Nutzers gespeichert wird.<\/p>\n<hr \/>\n<h4>Rechtlicher Hinweis<\/h4>\n<p>Diese Datenschutzerkl\u00e4rung wurde auf der Grundlage von Bestimmungen verschiedener Gesetzgebungen verfasst, einschlie\u00dflich Art. 13\/14 der Verordnung (EU) 2016\/679 (Datenschutz-Grundverordnung).<\/p>\n<p>Diese Datenschutzerkl\u00e4rung bezieht sich ausschlie\u00dflich auf diese Website, sofern in diesem Dokument nicht anders angegeben.<\/p>\n<p>Letzte Aktualisierung: 24 Mai 2018<\/p>\n<\/div><\/div><\/div><\/div><\/div>\n","protected":false},"excerpt":{"rendered":"","protected":false},"author":7,"featured_media":0,"parent":0,"menu_order":0,"comment_status":"closed","ping_status":"closed","template":"100-width.php","meta":{"_seopress_robots_primary_cat":"0","_seopress_titles_title":"","_seopress_titles_desc":"","_seopress_robots_index":"","footnotes":""},"class_list":["post-9318","page","type-page","status-publish","hentry"],"_links":{"self":[{"href":"https:\/\/www.kombatgroup.com\/de\/wp-json\/wp\/v2\/pages\/9318","targetHints":{"allow":["GET"]}}],"collection":[{"href":"https:\/\/www.kombatgroup.com\/de\/wp-json\/wp\/v2\/pages"}],"about":[{"href":"https:\/\/www.kombatgroup.com\/de\/wp-json\/wp\/v2\/types\/page"}],"author":[{"embeddable":true,"href":"https:\/\/www.kombatgroup.com\/de\/wp-json\/wp\/v2\/users\/7"}],"replies":[{"embeddable":true,"href":"https:\/\/www.kombatgroup.com\/de\/wp-json\/wp\/v2\/comments?post=9318"}],"version-history":[{"count":2,"href":"https:\/\/www.kombatgroup.com\/de\/wp-json\/wp\/v2\/pages\/9318\/revisions"}],"predecessor-version":[{"id":9320,"href":"https:\/\/www.kombatgroup.com\/de\/wp-json\/wp\/v2\/pages\/9318\/revisions\/9320"}],"wp:attachment":[{"href":"https:\/\/www.kombatgroup.com\/de\/wp-json\/wp\/v2\/media?parent=9318"}],"curies":[{"name":"wp","href":"https:\/\/api.w.org\/{rel}","templated":true}]}}